{"id":44,"date":"2025-01-05T21:59:43","date_gmt":"2025-01-05T21:59:43","guid":{"rendered":"https:\/\/cafemanolinoldsanjuan.com\/?page_id=44"},"modified":"2025-01-09T12:47:35","modified_gmt":"2025-01-09T12:47:35","slug":"gracias","status":"publish","type":"page","link":"https:\/\/cafemanolinoldsanjuan.com\/en\/gracias\/","title":{"rendered":"Gracias"},"content":{"rendered":"<div data-elementor-type=\"wp-page\" data-elementor-id=\"44\" class=\"elementor elementor-44\" data-elementor-settings=\"{&quot;ha_cmc_init_switcher&quot;:&quot;no&quot;}\">\n\t\t\t\t<div class=\"elementor-element elementor-element-6e75d25 e-flex e-con-boxed wpr-particle-no wpr-jarallax-no wpr-parallax-no wpr-sticky-section-no wpr-column-slider-no wpr-equal-height-no e-con e-parent\" data-id=\"6e75d25\" data-element_type=\"container\" data-e-type=\"container\" data-settings=\"{&quot;_ha_eqh_enable&quot;:false}\">\n\t\t\t\t\t<div class=\"e-con-inner\">\n\t\t\t\t<div class=\"elementor-element elementor-element-fdde759 elementor-widget elementor-widget-heading\" data-id=\"fdde759\" data-element_type=\"widget\" data-e-type=\"widget\" data-widget_type=\"heading.default\">\n\t\t\t\t\t<h2 class=\"elementor-heading-title elementor-size-default\">Thank you for reaching out to us<\/h2>\t\t\t\t<\/div>\n\t\t\t\t\t<\/div>\n\t\t\t\t<\/div>\n\t\t\t\t<\/div>","protected":false},"excerpt":{"rendered":"<p>Thank you for reaching out to us<\/p>","protected":false},"author":2,"featured_media":0,"parent":0,"menu_order":0,"comment_status":"closed","ping_status":"closed","template":"elementor_header_footer","meta":{"footnotes":""},"class_list":["post-44","page","type-page","status-publish","hentry"],"yoast_head":"<!-- This site is optimized with the Yoast SEO plugin v27.5 - https:\/\/yoast.com\/product\/yoast-seo-wordpress\/ -->\n<title>Caf\u00e9 Manol\u00edn | Exquisito sabor hace m\u00e1s de 70 a\u00f1os<\/title>\n<meta name=\"description\" content=\"Caf\u00e9 Manol\u00edn es un restaurante de comida criolla establecido en la calle San Justo del Viejo San Juan hace m\u00e1s de 70 a\u00f1os.\" \/>\n<meta name=\"robots\" content=\"index, follow, max-snippet:-1, max-image-preview:large, max-video-preview:-1\" \/>\n<link rel=\"canonical\" href=\"https:\/\/cafemanolinoldsanjuan.com\/en\/gracias\/\" \/>\n<meta property=\"og:locale\" content=\"en_US\" \/>\n<meta property=\"og:type\" content=\"article\" \/>\n<meta property=\"og:title\" content=\"Caf\u00e9 Manol\u00edn | Exquisito sabor hace m\u00e1s de 70 a\u00f1os\" \/>\n<meta property=\"og:description\" content=\"Caf\u00e9 Manol\u00edn es un restaurante de comida criolla establecido en la calle San Justo del Viejo San Juan hace m\u00e1s de 70 a\u00f1os.\" \/>\n<meta property=\"og:url\" content=\"https:\/\/cafemanolinoldsanjuan.com\/en\/gracias\/\" \/>\n<meta property=\"og:site_name\" content=\"Caf\u00e9 Manol\u00edn\" \/>\n<meta property=\"article:modified_time\" content=\"2025-01-09T12:47:35+00:00\" \/>\n<meta property=\"og:image\" content=\"https:\/\/cafemanolinoldsanjuan.com\/wp-content\/uploads\/2025\/01\/logo.webp\" \/>\n\t<meta property=\"og:image:width\" content=\"656\" \/>\n\t<meta property=\"og:image:height\" content=\"248\" \/>\n\t<meta property=\"og:image:type\" content=\"image\/webp\" \/>\n<meta name=\"twitter:card\" content=\"summary_large_image\" \/>\n<script type=\"application\/ld+json\" class=\"yoast-schema-graph\">{\"@context\":\"https:\\\/\\\/schema.org\",\"@graph\":[{\"@type\":\"WebPage\",\"@id\":\"https:\\\/\\\/cafemanolinoldsanjuan.com\\\/gracias\\\/\",\"url\":\"https:\\\/\\\/cafemanolinoldsanjuan.com\\\/gracias\\\/\",\"name\":\"Caf\u00e9 Manol\u00edn | Exquisito sabor hace m\u00e1s de 70 a\u00f1os\",\"isPartOf\":{\"@id\":\"https:\\\/\\\/cafemanolinoldsanjuan.com\\\/#website\"},\"datePublished\":\"2025-01-05T21:59:43+00:00\",\"dateModified\":\"2025-01-09T12:47:35+00:00\",\"description\":\"Caf\u00e9 Manol\u00edn es un restaurante de comida criolla establecido en la calle San Justo del Viejo San Juan hace m\u00e1s de 70 a\u00f1os.\",\"breadcrumb\":{\"@id\":\"https:\\\/\\\/cafemanolinoldsanjuan.com\\\/gracias\\\/#breadcrumb\"},\"inLanguage\":\"en-US\",\"potentialAction\":[{\"@type\":\"ReadAction\",\"target\":[\"https:\\\/\\\/cafemanolinoldsanjuan.com\\\/gracias\\\/\"]}]},{\"@type\":\"BreadcrumbList\",\"@id\":\"https:\\\/\\\/cafemanolinoldsanjuan.com\\\/gracias\\\/#breadcrumb\",\"itemListElement\":[{\"@type\":\"ListItem\",\"position\":1,\"name\":\"Home\",\"item\":\"https:\\\/\\\/cafemanolinoldsanjuan.com\\\/\"},{\"@type\":\"ListItem\",\"position\":2,\"name\":\"Gracias\"}]},{\"@type\":\"WebSite\",\"@id\":\"https:\\\/\\\/cafemanolinoldsanjuan.com\\\/#website\",\"url\":\"https:\\\/\\\/cafemanolinoldsanjuan.com\\\/\",\"name\":\"Caf\u00e9 Manol\u00edn\",\"description\":\"Exquisito sabor hace m\u00e1s de 70 a\u00f1os\",\"publisher\":{\"@id\":\"https:\\\/\\\/cafemanolinoldsanjuan.com\\\/#organization\"},\"alternateName\":\"Caf\u00e9 Manol\u00edn\",\"potentialAction\":[{\"@type\":\"SearchAction\",\"target\":{\"@type\":\"EntryPoint\",\"urlTemplate\":\"https:\\\/\\\/cafemanolinoldsanjuan.com\\\/?s={search_term_string}\"},\"query-input\":{\"@type\":\"PropertyValueSpecification\",\"valueRequired\":true,\"valueName\":\"search_term_string\"}}],\"inLanguage\":\"en-US\"},{\"@type\":\"Organization\",\"@id\":\"https:\\\/\\\/cafemanolinoldsanjuan.com\\\/#organization\",\"name\":\"Caf\u00e9 Manol\u00edn\",\"url\":\"https:\\\/\\\/cafemanolinoldsanjuan.com\\\/\",\"logo\":{\"@type\":\"ImageObject\",\"inLanguage\":\"en-US\",\"@id\":\"https:\\\/\\\/cafemanolinoldsanjuan.com\\\/#\\\/schema\\\/logo\\\/image\\\/\",\"url\":\"https:\\\/\\\/cafemanolinoldsanjuan.com\\\/wp-content\\\/uploads\\\/2025\\\/01\\\/logo.webp\",\"contentUrl\":\"https:\\\/\\\/cafemanolinoldsanjuan.com\\\/wp-content\\\/uploads\\\/2025\\\/01\\\/logo.webp\",\"width\":656,\"height\":248,\"caption\":\"Caf\u00e9 Manol\u00edn\"},\"image\":{\"@id\":\"https:\\\/\\\/cafemanolinoldsanjuan.com\\\/#\\\/schema\\\/logo\\\/image\\\/\"}}]}<\/script>\n<!-- \/ Yoast SEO plugin. -->","yoast_head_json":{"title":"Caf\u00e9 Manol\u00edn | Exquisito sabor hace m\u00e1s de 70 a\u00f1os","description":"Caf\u00e9 Manol\u00edn es un restaurante de comida criolla establecido en la calle San Justo del Viejo San Juan hace m\u00e1s de 70 a\u00f1os.","robots":{"index":"index","follow":"follow","max-snippet":"max-snippet:-1","max-image-preview":"max-image-preview:large","max-video-preview":"max-video-preview:-1"},"canonical":"https:\/\/cafemanolinoldsanjuan.com\/en\/gracias\/","og_locale":"en_US","og_type":"article","og_title":"Caf\u00e9 Manol\u00edn | Exquisito sabor hace m\u00e1s de 70 a\u00f1os","og_description":"Caf\u00e9 Manol\u00edn es un restaurante de comida criolla establecido en la calle San Justo del Viejo San Juan hace m\u00e1s de 70 a\u00f1os.","og_url":"https:\/\/cafemanolinoldsanjuan.com\/en\/gracias\/","og_site_name":"Caf\u00e9 Manol\u00edn","article_modified_time":"2025-01-09T12:47:35+00:00","og_image":[{"width":656,"height":248,"url":"https:\/\/cafemanolinoldsanjuan.com\/wp-content\/uploads\/2025\/01\/logo.webp","type":"image\/webp"}],"twitter_card":"summary_large_image","schema":{"@context":"https:\/\/schema.org","@graph":[{"@type":"WebPage","@id":"https:\/\/cafemanolinoldsanjuan.com\/gracias\/","url":"https:\/\/cafemanolinoldsanjuan.com\/gracias\/","name":"Caf\u00e9 Manol\u00edn | Exquisito sabor hace m\u00e1s de 70 a\u00f1os","isPartOf":{"@id":"https:\/\/cafemanolinoldsanjuan.com\/#website"},"datePublished":"2025-01-05T21:59:43+00:00","dateModified":"2025-01-09T12:47:35+00:00","description":"Caf\u00e9 Manol\u00edn es un restaurante de comida criolla establecido en la calle San Justo del Viejo San Juan hace m\u00e1s de 70 a\u00f1os.","breadcrumb":{"@id":"https:\/\/cafemanolinoldsanjuan.com\/gracias\/#breadcrumb"},"inLanguage":"en-US","potentialAction":[{"@type":"ReadAction","target":["https:\/\/cafemanolinoldsanjuan.com\/gracias\/"]}]},{"@type":"BreadcrumbList","@id":"https:\/\/cafemanolinoldsanjuan.com\/gracias\/#breadcrumb","itemListElement":[{"@type":"ListItem","position":1,"name":"Home","item":"https:\/\/cafemanolinoldsanjuan.com\/"},{"@type":"ListItem","position":2,"name":"Gracias"}]},{"@type":"WebSite","@id":"https:\/\/cafemanolinoldsanjuan.com\/#website","url":"https:\/\/cafemanolinoldsanjuan.com\/","name":"Caf\u00e9 Manol\u00edn","description":"Exquisito sabor hace m\u00e1s de 70 a\u00f1os","publisher":{"@id":"https:\/\/cafemanolinoldsanjuan.com\/#organization"},"alternateName":"Caf\u00e9 Manol\u00edn","potentialAction":[{"@type":"SearchAction","target":{"@type":"EntryPoint","urlTemplate":"https:\/\/cafemanolinoldsanjuan.com\/?s={search_term_string}"},"query-input":{"@type":"PropertyValueSpecification","valueRequired":true,"valueName":"search_term_string"}}],"inLanguage":"en-US"},{"@type":"Organization","@id":"https:\/\/cafemanolinoldsanjuan.com\/#organization","name":"Caf\u00e9 Manol\u00edn","url":"https:\/\/cafemanolinoldsanjuan.com\/","logo":{"@type":"ImageObject","inLanguage":"en-US","@id":"https:\/\/cafemanolinoldsanjuan.com\/#\/schema\/logo\/image\/","url":"https:\/\/cafemanolinoldsanjuan.com\/wp-content\/uploads\/2025\/01\/logo.webp","contentUrl":"https:\/\/cafemanolinoldsanjuan.com\/wp-content\/uploads\/2025\/01\/logo.webp","width":656,"height":248,"caption":"Caf\u00e9 Manol\u00edn"},"image":{"@id":"https:\/\/cafemanolinoldsanjuan.com\/#\/schema\/logo\/image\/"}}]}},"_links":{"self":[{"href":"https:\/\/cafemanolinoldsanjuan.com\/en\/wp-json\/wp\/v2\/pages\/44","targetHints":{"allow":["GET"]}}],"collection":[{"href":"https:\/\/cafemanolinoldsanjuan.com\/en\/wp-json\/wp\/v2\/pages"}],"about":[{"href":"https:\/\/cafemanolinoldsanjuan.com\/en\/wp-json\/wp\/v2\/types\/page"}],"author":[{"embeddable":true,"href":"https:\/\/cafemanolinoldsanjuan.com\/en\/wp-json\/wp\/v2\/users\/2"}],"replies":[{"embeddable":true,"href":"https:\/\/cafemanolinoldsanjuan.com\/en\/wp-json\/wp\/v2\/comments?post=44"}],"version-history":[{"count":10,"href":"https:\/\/cafemanolinoldsanjuan.com\/en\/wp-json\/wp\/v2\/pages\/44\/revisions"}],"predecessor-version":[{"id":711,"href":"https:\/\/cafemanolinoldsanjuan.com\/en\/wp-json\/wp\/v2\/pages\/44\/revisions\/711"}],"wp:attachment":[{"href":"https:\/\/cafemanolinoldsanjuan.com\/en\/wp-json\/wp\/v2\/media?parent=44"}],"curies":[{"name":"wp","href":"https:\/\/api.w.org\/{rel}","templated":true}]}}